{"id":160,"date":"2020-07-08T14:40:34","date_gmt":"2020-07-08T14:40:34","guid":{"rendered":"https:\/\/tarpana.de\/?page_id=160"},"modified":"2020-07-08T14:44:30","modified_gmt":"2020-07-08T14:44:30","slug":"meinungen","status":"publish","type":"page","link":"https:\/\/tarpana.de\/index.php\/meinungen\/","title":{"rendered":"Meinungen"},"content":{"rendered":"\n<h4 class=\"wp-block-heading\">Danke f\u00fcr diese R\u00fcckmeldungen:<\/h4>\n\n\n\n<p class=\"has-text-align-center\">Conny:<\/p>\n\n\n\n<blockquote class=\"wp-block-quote has-text-align-center is-layout-flow wp-block-quote-is-layout-flow\"><p>&#8230;Meine Seele ist wie ein Gef\u00e4\u00df mit vielen Kn\u00f6pfen, die Tarpana ohne jede M\u00fche \u00f6ffnen kann. Tarpana sagt, dass das nur geht, wenn ich mich \u00f6ffnen lasse&#8230;<\/p><\/blockquote>\n\n\n\n<div class=\"wp-block-image\"><figure class=\"aligncenter size-large\"><img loading=\"lazy\" decoding=\"async\" width=\"742\" height=\"17\" src=\"https:\/\/tarpana.de\/wp-content\/uploads\/2020\/07\/linie.png\" alt=\"\" class=\"wp-image-164\" srcset=\"https:\/\/tarpana.de\/wp-content\/uploads\/2020\/07\/linie.png 742w, https:\/\/tarpana.de\/wp-content\/uploads\/2020\/07\/linie-300x7.png 300w, https:\/\/tarpana.de\/wp-content\/uploads\/2020\/07\/linie-512x12.png 512w\" sizes=\"auto, (max-width: 742px) 100vw, 742px\" \/><\/figure><\/div>\n\n\n\n<p class=\"has-text-align-center\">Christoph:<\/p>\n\n\n\n<blockquote class=\"wp-block-quote has-text-align-center is-layout-flow wp-block-quote-is-layout-flow\"><p>Durch unser letztes Gespr\u00e4ch zum Beispiel und durch das Artikulieren von meinem \u201eIst-Zustand\u201d und deine Reaktion darauf, bin ich wirklich einen Schritt weiter gekommen. Deine letzten Worte haben mich tief ber\u00fchrt und mich nachdenklich gemacht.<\/p><p>Ich hab es mir aufgeschrieben:<\/p><p>Hab Spa\u00df! Tue es f\u00fcr dich! Belohne dich, indem du deine Zeit wertsch\u00e4tzt und indem du dementsprechend zielgerichtet, fokussiert und anderen Menschen gegen\u00fcber selbstbestimmt agierst und reagierst. Auch bei Gespr\u00e4chen mit Kunden &gt;kurz &amp; knapp&lt; auf den Punkt.<\/p><\/blockquote>\n\n\n\n<div class=\"wp-block-image\"><figure class=\"aligncenter size-large\"><img loading=\"lazy\" decoding=\"async\" width=\"742\" height=\"17\" src=\"https:\/\/tarpana.de\/wp-content\/uploads\/2020\/07\/linie.png\" alt=\"\" class=\"wp-image-164\" srcset=\"https:\/\/tarpana.de\/wp-content\/uploads\/2020\/07\/linie.png 742w, https:\/\/tarpana.de\/wp-content\/uploads\/2020\/07\/linie-300x7.png 300w, https:\/\/tarpana.de\/wp-content\/uploads\/2020\/07\/linie-512x12.png 512w\" sizes=\"auto, (max-width: 742px) 100vw, 742px\" \/><\/figure><\/div>\n\n\n\n<p class=\"has-text-align-center\">R.:<\/p>\n\n\n\n<blockquote class=\"wp-block-quote has-text-align-center is-layout-flow wp-block-quote-is-layout-flow\"><p>Tarpana fordert mich stark heraus mein &#8222;ich&#8220; zu zeigen: Was w\u00fcnsche ich, was brauche ich wirklich im Leben.<\/p><p>Bin ich da?<\/p><p>Ich neige dazu, mich unklar auszudr\u00fccken und nicht direkt zu sagen, was ich w\u00fcnsche.<\/p><p>Ich werde mir dieser Vorg\u00e4nge in mir selbst bewusst. Au\u00dferdem kann ich so f\u00fcr mich selber klar werden und mein Leben so gestalten. wie es gut f\u00fcr mich ist!<\/p><\/blockquote>\n\n\n\n<div class=\"wp-block-image\"><figure class=\"aligncenter size-large\"><img loading=\"lazy\" decoding=\"async\" width=\"742\" height=\"17\" src=\"https:\/\/tarpana.de\/wp-content\/uploads\/2020\/07\/linie.png\" alt=\"\" class=\"wp-image-164\" srcset=\"https:\/\/tarpana.de\/wp-content\/uploads\/2020\/07\/linie.png 742w, https:\/\/tarpana.de\/wp-content\/uploads\/2020\/07\/linie-300x7.png 300w, https:\/\/tarpana.de\/wp-content\/uploads\/2020\/07\/linie-512x12.png 512w\" sizes=\"auto, (max-width: 742px) 100vw, 742px\" \/><\/figure><\/div>\n\n\n\n<p class=\"has-text-align-center\">Clemens:<\/p>\n\n\n\n<blockquote class=\"wp-block-quote has-text-align-center is-layout-flow wp-block-quote-is-layout-flow\"><p>Tarpana, du hast mir einen Weg gezeigt, und den gehe ich jetzt.<\/p><p>Ich f\u00fchle mich gut.<\/p><\/blockquote>\n\n\n\n<div class=\"wp-block-image\"><figure class=\"aligncenter size-large\"><img loading=\"lazy\" decoding=\"async\" width=\"742\" height=\"17\" src=\"https:\/\/tarpana.de\/wp-content\/uploads\/2020\/07\/linie.png\" alt=\"\" class=\"wp-image-164\" srcset=\"https:\/\/tarpana.de\/wp-content\/uploads\/2020\/07\/linie.png 742w, https:\/\/tarpana.de\/wp-content\/uploads\/2020\/07\/linie-300x7.png 300w, https:\/\/tarpana.de\/wp-content\/uploads\/2020\/07\/linie-512x12.png 512w\" sizes=\"auto, (max-width: 742px) 100vw, 742px\" \/><\/figure><\/div>\n\n\n\n<p class=\"has-text-align-center\">SY:<\/p>\n\n\n\n<blockquote class=\"wp-block-quote has-text-align-center is-layout-flow wp-block-quote-is-layout-flow\"><p>Ich gehe nur eine kurze Strecke bis zum Gruppenraum, der Raum ist gem\u00fctlich und nicht gro\u00df. Wenn ich da bin, kann ich mich auf DIE gro\u00dfe Reise begeben &#8211; Reiseziel ICH!<\/p><p>Es gehen R\u00e4ume auf, die ich bisher noch nicht denken konnte und die mir unendlich gro\u00df erscheinen.<\/p><p>Diese Gruppe hilft mir dabei meine Ziele und meine R\u00e4ume zu finden, zu entdecken, f\u00fcr mich zu nutzen und zu erweitern.<\/p><p>Jeder lange Reise-Weg beginnt mit dem ersten Schritt: Mit dem Weg zur Gruppe an jedem 2. Donnerstag und er bringt mich immer sicher und sanft einen Schritt weiter.<\/p><\/blockquote>\n","protected":false},"excerpt":{"rendered":"<p>Danke f\u00fcr diese R\u00fcckmeldungen: Conny: &#8230;Meine Seele ist wie ein Gef\u00e4\u00df mit vielen Kn\u00f6pfen, die Tarpana ohne jede M\u00fche \u00f6ffnen kann. Tarpana sagt, dass das nur geht, wenn ich mich \u00f6ffnen lasse&#8230; Christoph: Durch unser letztes Gespr\u00e4ch zum Beispiel und durch das Artikulieren von meinem \u201eIst-Zustand\u201d und deine Reaktion darauf, &hellip;<\/p>\n","protected":false},"author":1,"featured_media":0,"parent":0,"menu_order":0,"comment_status":"closed","ping_status":"closed","template":"","meta":{"footnotes":""},"class_list":["post-160","page","type-page","status-publish","hentry"],"_links":{"self":[{"href":"https:\/\/tarpana.de\/index.php\/wp-json\/wp\/v2\/pages\/160","targetHints":{"allow":["GET"]}}],"collection":[{"href":"https:\/\/tarpana.de\/index.php\/wp-json\/wp\/v2\/pages"}],"about":[{"href":"https:\/\/tarpana.de\/index.php\/wp-json\/wp\/v2\/types\/page"}],"author":[{"embeddable":true,"href":"https:\/\/tarpana.de\/index.php\/wp-json\/wp\/v2\/users\/1"}],"replies":[{"embeddable":true,"href":"https:\/\/tarpana.de\/index.php\/wp-json\/wp\/v2\/comments?post=160"}],"version-history":[{"count":5,"href":"https:\/\/tarpana.de\/index.php\/wp-json\/wp\/v2\/pages\/160\/revisions"}],"predecessor-version":[{"id":169,"href":"https:\/\/tarpana.de\/index.php\/wp-json\/wp\/v2\/pages\/160\/revisions\/169"}],"wp:attachment":[{"href":"https:\/\/tarpana.de\/index.php\/wp-json\/wp\/v2\/media?parent=160"}],"curies":[{"name":"wp","href":"https:\/\/api.w.org\/{rel}","templated":true}]}}